{"id":287,"date":"2020-09-29T20:20:49","date_gmt":"2020-09-29T18:20:49","guid":{"rendered":"https:\/\/lesarborescents.com\/?page_id=287"},"modified":"2020-09-29T20:41:05","modified_gmt":"2020-09-29T18:41:05","slug":"mentions-legales","status":"publish","type":"page","link":"https:\/\/lesarborescents.com\/fr\/mentions-legales\/","title":{"rendered":"Mentions l\u00e9gales"},"content":{"rendered":"\n<p><strong>SITE \u00c9DIT\u00c9 PAR \u00ab\u00a0LES ARBORESCENTS \u00bb<\/strong><\/p>\n\n\n\n<p>4, Boulevard Voltaire &#8211; 75011 PARIS<\/p>\n\n\n\n<p><a href=\"contact@lesarborescentes.com\" data-type=\"URL\" data-id=\"contact@lesarborescentes.com\">contact@lesarborescents.com<\/a><\/p>\n\n\n\n<p><strong>Directeur de la publication :\u00a0<\/strong>Elisabeth Pannetier<\/p>\n\n\n\n<p><strong>L\u2019h\u00e9bergement est assur\u00e9 par la soci\u00e9t\u00e9 OVH<\/strong><br>2 rue Kellermann 59100 ROUBAIX <\/p>\n\n\n\n<p><strong>Conception du site :<\/strong><\/p>\n\n\n\n<p><a href=\"https:\/\/seriousweb.fr\" data-type=\"URL\" data-id=\"https:\/\/seriousweb.fr\">Agence SeriousWeb<\/a><\/p>\n\n\n\n<p><strong>Information, avertissement<\/strong> :<\/p>\n\n\n\n<p>Le site www.lesarborescents.com met \u00e0 disposition du public les informations concernant son entreprise. Les textes, les images, les vid\u00e9os et les enregistrements sonores sont la propri\u00e9t\u00e9 de www.lesarborescents.com \u2013 sauf mention sp\u00e9ciale. La charte graphique du site et l\u2019ensemble des \u0153uvres pr\u00e9sent\u00e9es sont soumis aux droits d\u2019auteur et prot\u00e9g\u00e9s par la loi europ\u00e9enne. Il est interdit de reproduire, repr\u00e9senter, transf\u00e9rer, distribuer, ou d\u2019enregistrer tout ou partie de ces \u0153uvres ou textes ou \u00e9l\u00e9ments soumis aux droits d\u2019auteur, sous quelque forme que ce soit, sans mentionner www.lesarborescents.com ou l\u2019auteur concern\u00e9, en tant que source de l\u2019\u00e9l\u00e9ment dans la pr\u00e9sentation de votre contenu, et il est interdit d\u2019en faire un usage commercial.<\/p>\n","protected":false},"excerpt":{"rendered":"<p>SITE \u00c9DIT\u00c9 PAR \u00ab\u00a0LES ARBORESCENTS \u00bb 4, Boulevard Voltaire &#8211;&#8230;<\/p>\n","protected":false},"author":2,"featured_media":0,"parent":0,"menu_order":0,"comment_status":"closed","ping_status":"closed","template":"","meta":[],"_links":{"self":[{"href":"https:\/\/lesarborescents.com\/fr\/wp-json\/wp\/v2\/pages\/287"}],"collection":[{"href":"https:\/\/lesarborescents.com\/fr\/wp-json\/wp\/v2\/pages"}],"about":[{"href":"https:\/\/lesarborescents.com\/fr\/wp-json\/wp\/v2\/types\/page"}],"author":[{"embeddable":true,"href":"https:\/\/lesarborescents.com\/fr\/wp-json\/wp\/v2\/users\/2"}],"replies":[{"embeddable":true,"href":"https:\/\/lesarborescents.com\/fr\/wp-json\/wp\/v2\/comments?post=287"}],"version-history":[{"count":3,"href":"https:\/\/lesarborescents.com\/fr\/wp-json\/wp\/v2\/pages\/287\/revisions"}],"predecessor-version":[{"id":298,"href":"https:\/\/lesarborescents.com\/fr\/wp-json\/wp\/v2\/pages\/287\/revisions\/298"}],"wp:attachment":[{"href":"https:\/\/lesarborescents.com\/fr\/wp-json\/wp\/v2\/media?parent=287"}],"curies":[{"name":"wp","href":"https:\/\/api.w.org\/{rel}","templated":true}]}}